{"id":9717,"date":"2025-09-23T15:29:49","date_gmt":"2025-09-23T19:29:49","guid":{"rendered":"https:\/\/newairrefrigeration.ca\/?page_id=9717"},"modified":"2025-10-06T11:46:24","modified_gmt":"2025-10-06T15:46:24","slug":"nom","status":"publish","type":"page","link":"https:\/\/newairrefrigeration.ca\/en\/equipment\/nom\/","title":{"rendered":"Open Merchandiser"},"content":{"rendered":"\t\t<div data-elementor-type=\"wp-page\" data-elementor-id=\"9717\" class=\"elementor elementor-9717 elementor-9682\" data-elementor-post-type=\"page\">\n\t\t\t\t<div class=\"elementor-element elementor-element-87c2b64 e-flex e-con-boxed e-con e-parent\" data-id=\"87c2b64\" data-element_type=\"container\" data-settings=\"{&quot;background_background&quot;:&quot;video&quot;,&quot;background_video_link&quot;:&quot;https:\\\/\\\/newairrefrigeration.ca\\\/wp-content\\\/uploads\\\/2024\\\/01\\\/New-Air-website-banners-1.mp4&quot;,&quot;background_play_on_mobile&quot;:&quot;yes&quot;}\">\n\t\t\t\t\t<div class=\"e-con-inner\">\n\t\t<div class=\"elementor-background-video-container\">\n\t\t\t\t\t\t\t<video class=\"elementor-background-video-hosted elementor-html5-video\" autoplay muted playsinline loop><\/video>\n\t\t\t\t\t<\/div>\t\t<div class=\"elementor-element elementor-element-3df1f6a animated-fast categories elementor-widget elementor-widget-heading\" data-id=\"3df1f6a\" data-element_type=\"widget\" data-settings=\"{&quot;_animation&quot;:&quot;none&quot;,&quot;_animation_tablet&quot;:&quot;none&quot;}\" data-widget_type=\"heading.default\">\n\t\t\t\t<div class=\"elementor-widget-container\">\n\t\t\t<style>\/*! elementor - v3.23.0 - 05-08-2024 *\/\n.elementor-heading-title{padding:0;margin:0;line-height:1}.elementor-widget-heading .elementor-heading-title[class*=elementor-size-]>a{color:inherit;font-size:inherit;line-height:inherit}.elementor-widget-heading .elementor-heading-title.elementor-size-small{font-size:15px}.elementor-widget-heading .elementor-heading-title.elementor-size-medium{font-size:19px}.elementor-widget-heading .elementor-heading-title.elementor-size-large{font-size:29px}.elementor-widget-heading .elementor-heading-title.elementor-size-xl{font-size:39px}.elementor-widget-heading .elementor-heading-title.elementor-size-xxl{font-size:59px}<\/style><h2 class=\"elementor-heading-title elementor-size-default\">Open Merchandisers<\/h2>\t\t<\/div>\n\t\t\t\t<\/div>\n\t\t\t\t<div class=\"elementor-element elementor-element-a1f309f elementor-widget elementor-widget-heading\" data-id=\"a1f309f\" data-element_type=\"widget\" data-settings=\"{&quot;_animation_tablet&quot;:&quot;none&quot;}\" data-widget_type=\"heading.default\">\n\t\t\t\t<div class=\"elementor-widget-container\">\n\t\t\t<h2 class=\"elementor-heading-title elementor-size-default\"><div>Upgrade your product presentation with sleek, space-efficient units designed to boost sales in restaurants, caf\u00e9s, convenience stores, and supermarkets by showcasing beverages and prepared meals in beautiful, Grab-n-Go fashion<\/h2>\t\t<\/div>\n\t\t\t\t<\/div>\n\t\t\t\t\t<\/div>\n\t\t\t\t<\/div>\n\t\t<div class=\"elementor-element elementor-element-5085ff2 noshade e-flex e-con-boxed e-con e-parent\" data-id=\"5085ff2\" data-element_type=\"container\" data-settings=\"{&quot;background_background&quot;:&quot;classic&quot;}\">\n\t\t\t\t\t<div class=\"e-con-inner\">\n\t\t<div class=\"elementor-element elementor-element-1217a04 e-con-full e-flex e-con e-child\" data-id=\"1217a04\" data-element_type=\"container\" data-settings=\"{&quot;background_background&quot;:&quot;classic&quot;}\">\n\t\t<div class=\"elementor-element elementor-element-45020cd e-con-full e-flex e-con e-child\" data-id=\"45020cd\" data-element_type=\"container\" data-settings=\"{&quot;sticky&quot;:&quot;top&quot;,&quot;sticky_parent&quot;:&quot;yes&quot;,&quot;sticky_on&quot;:[&quot;desktop&quot;,&quot;tablet&quot;,&quot;mobile&quot;],&quot;sticky_offset&quot;:0,&quot;sticky_effects_offset&quot;:0}\">\n\t\t\t\t<div class=\"elementor-element elementor-element-50d4afc elementor-widget elementor-widget-heading\" data-id=\"50d4afc\" data-element_type=\"widget\" data-widget_type=\"heading.default\">\n\t\t\t\t<div class=\"elementor-widget-container\">\n\t\t\t<h2 class=\"elementor-heading-title elementor-size-default\">Open Merchandisers<\/h2>\t\t<\/div>\n\t\t\t\t<\/div>\n\t\t\t\t<div class=\"elementor-element elementor-element-d775783 elementor-widget elementor-widget-text-editor\" data-id=\"d775783\" data-element_type=\"widget\" data-widget_type=\"text-editor.default\">\n\t\t\t\t<div class=\"elementor-widget-container\">\n\t\t\t<style>\/*! elementor - v3.23.0 - 05-08-2024 *\/\n.elementor-widget-text-editor.elementor-drop-cap-view-stacked .elementor-drop-cap{background-color:#69727d;color:#fff}.elementor-widget-text-editor.elementor-drop-cap-view-framed .elementor-drop-cap{color:#69727d;border:3px solid;background-color:transparent}.elementor-widget-text-editor:not(.elementor-drop-cap-view-default) .elementor-drop-cap{margin-top:8px}.elementor-widget-text-editor:not(.elementor-drop-cap-view-default) .elementor-drop-cap-letter{width:1em;height:1em}.elementor-widget-text-editor .elementor-drop-cap{float:left;text-align:center;line-height:1;font-size:50px}.elementor-widget-text-editor .elementor-drop-cap-letter{display:inline-block}<\/style>\t\t\t\t<a href=\"https:\/\/newairrefrigeration.ca\/en\/equipment\/\">&lt; return to main selection menu <\/a>\t\t\t\t\t\t<\/div>\n\t\t\t\t<\/div>\n\t\t\t\t<div class=\"elementor-element elementor-element-f5842e5 elementor-widget elementor-widget-image\" data-id=\"f5842e5\" data-element_type=\"widget\" data-widget_type=\"image.default\">\n\t\t\t\t<div class=\"elementor-widget-container\">\n\t\t\t<style>\/*! elementor - v3.23.0 - 05-08-2024 *\/\n.elementor-widget-image{text-align:center}.elementor-widget-image a{display:inline-block}.elementor-widget-image a img[src$=\".svg\"]{width:48px}.elementor-widget-image img{vertical-align:middle;display:inline-block}<\/style>\t\t\t\t\t\t\t\t\t\t<img fetchpriority=\"high\" decoding=\"async\" width=\"700\" height=\"705\" src=\"https:\/\/newairrefrigeration.ca\/wp-content\/uploads\/2025\/09\/NOMincontext.png\" class=\"attachment-large size-large wp-image-9697\" alt=\"\" srcset=\"https:\/\/newairrefrigeration.ca\/wp-content\/uploads\/2025\/09\/NOMincontext.png 700w, https:\/\/newairrefrigeration.ca\/wp-content\/uploads\/2025\/09\/NOMincontext-298x300.png 298w, https:\/\/newairrefrigeration.ca\/wp-content\/uploads\/2025\/09\/NOMincontext-150x150.png 150w, https:\/\/newairrefrigeration.ca\/wp-content\/uploads\/2025\/09\/NOMincontext-300x302.png 300w, https:\/\/newairrefrigeration.ca\/wp-content\/uploads\/2025\/09\/NOMincontext-600x604.png 600w, https:\/\/newairrefrigeration.ca\/wp-content\/uploads\/2025\/09\/NOMincontext-100x100.png 100w\" sizes=\"(max-width: 700px) 100vw, 700px\" \/>\t\t\t\t\t\t\t\t\t\t\t\t\t<\/div>\n\t\t\t\t<\/div>\n\t\t\t\t<div class=\"elementor-element elementor-element-0365e47 elementor-widget elementor-widget-text-editor\" data-id=\"0365e47\" data-element_type=\"widget\" data-widget_type=\"text-editor.default\">\n\t\t\t\t<div class=\"elementor-widget-container\">\n\t\t\t\t\t\t\t<h4>Jump to section&#8230;<\/h4>\n<div><img decoding=\"async\" class=\"icon\" src=\"https:\/\/newairrefrigeration.ca\/wp-content\/uploads\/2025\/07\/element-hot.png\" \/> <a href=\"#nom-ht\">Heated\n<\/a><\/div>\n<div><img decoding=\"async\" class=\"icon\" src=\"https:\/\/newairrefrigeration.ca\/wp-content\/uploads\/2025\/07\/element-cold.png\" \/> <a href=\"#nom\">Refrigerated\n<\/a><\/div>\n\t\t\t\t\t\t<\/div>\n\t\t\t\t<\/div>\n\t\t\t\t<div class=\"elementor-element elementor-element-eb59f9c elementor-widget elementor-widget-text-editor\" data-id=\"eb59f9c\" data-element_type=\"widget\" data-settings=\"{&quot;sticky&quot;:&quot;top&quot;,&quot;sticky_parent&quot;:&quot;yes&quot;,&quot;sticky_on&quot;:[&quot;desktop&quot;,&quot;tablet&quot;,&quot;mobile&quot;],&quot;sticky_offset&quot;:0,&quot;sticky_effects_offset&quot;:0}\" data-widget_type=\"text-editor.default\">\n\t\t\t\t<div class=\"elementor-widget-container\">\n\t\t\t\t\t\t\t<h5>Not what you&#8217;re looking for?<\/h5>\n<div><img decoding=\"async\" class=\"icon\" src=\"https:\/\/newairrefrigeration.ca\/wp-content\/uploads\/2025\/09\/arrow.png\" \/><a href=\"https:\/\/newairrefrigeration.ca\/en\/equipment\/merchandiser\/\"> check Glass Door Merchandisers<\/a><\/div>\n<div><img decoding=\"async\" class=\"icon\" src=\"https:\/\/newairrefrigeration.ca\/wp-content\/uploads\/2025\/09\/arrow.png\" \/><a href=\"https:\/\/newairrefrigeration.ca\/en\/equipment\/display\/\"> check Display Cases<\/a><\/div><div><img decoding=\"async\" class=\"icon\" src=\"https:\/\/newairrefrigeration.ca\/wp-content\/uploads\/2025\/09\/arrow.png\" \/><a href=\"https:\/\/newairrefrigeration.ca\/en\/equipment\/countertop\/\"> check Countertop Display Cases<\/a><\/div>\t\t\t\t\t\t<\/div>\n\t\t\t\t<\/div>\n\t\t\t\t<\/div>\n\t\t\t\t<\/div>\n\t\t<div class=\"elementor-element elementor-element-aa4ebdd e-con-full e-flex e-con e-child\" data-id=\"aa4ebdd\" data-element_type=\"container\" data-settings=\"{&quot;background_background&quot;:&quot;classic&quot;}\">\n\t\t\t\t<div class=\"elementor-element elementor-element-f48ce7f elementor-widget elementor-widget-heading\" data-id=\"f48ce7f\" data-element_type=\"widget\" data-widget_type=\"heading.default\">\n\t\t\t\t<div class=\"elementor-widget-container\">\n\t\t\t<h2 class=\"elementor-heading-title elementor-size-default\"><img decoding=\"async\" src=\"https:\/\/newairrefrigeration.ca\/wp-content\/uploads\/2025\/07\/element-hot.png\" class=\"icon\"> Heated<\/h2>\t\t<\/div>\n\t\t\t\t<\/div>\n\t\t\t\t<div class=\"elementor-element elementor-element-c256ecc elementor-widget elementor-widget-heading\" data-id=\"c256ecc\" data-element_type=\"widget\" data-widget_type=\"heading.default\">\n\t\t\t\t<div class=\"elementor-widget-container\">\n\t\t\t<h2 class=\"elementor-heading-title elementor-size-default\"><img decoding=\"async\" src=\"https:\/\/newairrefrigeration.ca\/wp-content\/uploads\/2025\/07\/element-cold.png\" class=\"icon\"> Refrigerated<\/h2>\t\t<\/div>\n\t\t\t\t<\/div>\n\t\t\t\t<\/div>\n\t\t\t\t\t<\/div>\n\t\t\t\t<\/div>\n\t\t<div class=\"elementor-element elementor-element-faeea88 e-flex e-con-boxed e-con e-parent\" data-id=\"faeea88\" data-element_type=\"container\" data-settings=\"{&quot;background_background&quot;:&quot;video&quot;,&quot;background_video_link&quot;:&quot;https:\\\/\\\/newairrefrigeration.ca\\\/wp-content\\\/uploads\\\/2024\\\/01\\\/New-Air-website-banners.mp4&quot;}\">\n\t\t\t\t\t<div class=\"e-con-inner\">\n\t\t<div class=\"elementor-background-video-container elementor-hidden-phone\">\n\t\t\t\t\t\t\t<video class=\"elementor-background-video-hosted elementor-html5-video\" autoplay muted playsinline loop><\/video>\n\t\t\t\t\t<\/div>\t\t<div class=\"elementor-element elementor-element-f81f0aa categories elementor-widget__width-initial elementor-widget-tablet__width-inherit elementor-widget elementor-widget-heading\" data-id=\"f81f0aa\" data-element_type=\"widget\" data-widget_type=\"heading.default\">\n\t\t\t\t<div class=\"elementor-widget-container\">\n\t\t\t<h2 class=\"elementor-heading-title elementor-size-default\">Elevate your standards with the commercial refrigerators from <b>New Air<\/b>.\n<\/h2>\t\t<\/div>\n\t\t\t\t<\/div>\n\t\t<div class=\"elementor-element elementor-element-cfbd779 e-con-full e-flex e-con e-child\" data-id=\"cfbd779\" data-element_type=\"container\">\n\t\t\t\t<div class=\"elementor-element elementor-element-91304b4 elementor-align-center elementor-widget elementor-widget-button\" data-id=\"91304b4\" data-element_type=\"widget\" data-widget_type=\"button.default\">\n\t\t\t\t<div class=\"elementor-widget-container\">\n\t\t\t\t\t<div class=\"elementor-button-wrapper\">\n\t\t\t<a class=\"elementor-button elementor-button-link elementor-size-md elementor-animation-float\" href=\"https:\/\/newairrefrigeration.ca\/wp-content\/uploads\/2024\/03\/NewAir_catalogue-web_2024_EN.pdf\">\n\t\t\t\t\t\t<span class=\"elementor-button-content-wrapper\">\n\t\t\t\t\t\t\t\t\t<span class=\"elementor-button-text\">Download Catalog<\/span>\n\t\t\t\t\t<\/span>\n\t\t\t\t\t<\/a>\n\t\t<\/div>\n\t\t\t\t<\/div>\n\t\t\t\t<\/div>\n\t\t\t\t<\/div>\n\t\t\t\t\t<\/div>\n\t\t\t\t<\/div>\n\t\t<div class=\"elementor-element elementor-element-6b66c3d e-flex e-con-boxed e-con e-parent\" data-id=\"6b66c3d\" data-element_type=\"container\">\n\t\t\t\t\t<div class=\"e-con-inner\">\n\t\t\t\t\t<\/div>\n\t\t\t\t<\/div>\n\t\t\t\t<\/div>\n\t\t","protected":false},"excerpt":{"rendered":"<p>Open Merchandisers Upgrade your product presentation with sleek, space-efficient units designed to boost sales in restaurants, caf\u00e9s, convenience stores, and supermarkets by showcasing beverages and prepared meals in beautiful, Grab-n-Go fashion Open Merchandisers &lt; return to main selection menu Jump to section&#8230; Heated Refrigerated Not what you&#8217;re looking for? check Glass Door Merchandisers check Display [&hellip;]<\/p>\n","protected":false},"author":3,"featured_media":4198,"parent":3809,"menu_order":0,"comment_status":"closed","ping_status":"closed","template":"elementor_header_footer","meta":{"_acf_changed":false,"footnotes":""},"class_list":["post-9717","page","type-page","status-publish","has-post-thumbnail","hentry"],"acf":[],"yoast_head":"<!-- This site is optimized with the Yoast SEO Premium plugin v23.3 (Yoast SEO v23.3) - https:\/\/yoast.com\/wordpress\/plugins\/seo\/ -->\n<title>Open Merchandiser | New Air Refrigeration<\/title>\n<meta name=\"robots\" content=\"index, follow, max-snippet:-1, max-image-preview:large, max-video-preview:-1\" \/>\n<link rel=\"canonical\" href=\"https:\/\/newairrefrigeration.ca\/equipements\/nom\/\" \/>\n<meta property=\"og:locale\" content=\"en_US\" \/>\n<meta property=\"og:type\" content=\"article\" \/>\n<meta property=\"og:title\" content=\"Open Merchandiser | New Air Refrigeration\" \/>\n<meta property=\"og:description\" content=\"Open Merchandisers Upgrade your product presentation with sleek, space-efficient units designed to boost sales in restaurants, caf\u00e9s, convenience stores, and supermarkets by showcasing beverages and prepared meals in beautiful, Grab-n-Go fashion Open Merchandisers &lt; return to main selection menu Jump to section&#8230; Heated Refrigerated Not what you&#8217;re looking for? check Glass Door Merchandisers check Display [&hellip;]\" \/>\n<meta property=\"og:url\" content=\"https:\/\/newairrefrigeration.ca\/equipements\/nom\/\" \/>\n<meta property=\"og:site_name\" content=\"New Air Refrigeration\" \/>\n<meta property=\"article:publisher\" content=\"https:\/\/www.facebook.com\/newairref\" \/>\n<meta property=\"article:modified_time\" content=\"2025-10-06T15:46:24+00:00\" \/>\n<meta property=\"og:image\" content=\"https:\/\/newairrefrigeration.ca\/wp-content\/uploads\/2024\/02\/New-Air-Canada-Commercial-refrigerator-website-meta-image-equipements.png\" \/>\n\t<meta property=\"og:image:width\" content=\"1200\" \/>\n\t<meta property=\"og:image:height\" content=\"675\" \/>\n\t<meta property=\"og:image:type\" content=\"image\/png\" \/>\n<meta name=\"twitter:card\" content=\"summary_large_image\" \/>\n<meta name=\"twitter:label1\" content=\"Est. reading time\" \/>\n\t<meta name=\"twitter:data1\" content=\"5 minutes\" \/>\n<script type=\"application\/ld+json\" class=\"yoast-schema-graph\">{\"@context\":\"https:\/\/schema.org\",\"@graph\":[{\"@type\":\"WebPage\",\"@id\":\"https:\/\/newairrefrigeration.ca\/equipements\/nom\/\",\"url\":\"https:\/\/newairrefrigeration.ca\/equipements\/nom\/\",\"name\":\"Open Merchandiser | New Air Refrigeration\",\"isPartOf\":{\"@id\":\"https:\/\/newairrefrigeration.ca\/#website\"},\"primaryImageOfPage\":{\"@id\":\"https:\/\/newairrefrigeration.ca\/equipements\/nom\/#primaryimage\"},\"image\":{\"@id\":\"https:\/\/newairrefrigeration.ca\/equipements\/nom\/#primaryimage\"},\"thumbnailUrl\":\"https:\/\/newairrefrigeration.ca\/wp-content\/uploads\/2024\/02\/New-Air-Canada-Commercial-refrigerator-website-meta-image-equipements.png\",\"datePublished\":\"2025-09-23T19:29:49+00:00\",\"dateModified\":\"2025-10-06T15:46:24+00:00\",\"breadcrumb\":{\"@id\":\"https:\/\/newairrefrigeration.ca\/equipements\/nom\/#breadcrumb\"},\"inLanguage\":\"en-US\",\"potentialAction\":[{\"@type\":\"ReadAction\",\"target\":[\"https:\/\/newairrefrigeration.ca\/equipements\/nom\/\"]}]},{\"@type\":\"ImageObject\",\"inLanguage\":\"en-US\",\"@id\":\"https:\/\/newairrefrigeration.ca\/equipements\/nom\/#primaryimage\",\"url\":\"https:\/\/newairrefrigeration.ca\/wp-content\/uploads\/2024\/02\/New-Air-Canada-Commercial-refrigerator-website-meta-image-equipements.png\",\"contentUrl\":\"https:\/\/newairrefrigeration.ca\/wp-content\/uploads\/2024\/02\/New-Air-Canada-Commercial-refrigerator-website-meta-image-equipements.png\",\"width\":1200,\"height\":675,\"caption\":\"Image d\u2019un r\u00e9frig\u00e9rateur commercial r\u00e9frig\u00e9r\u00e9 de New Air R\u00e9frig\u00e9ration.\"},{\"@type\":\"BreadcrumbList\",\"@id\":\"https:\/\/newairrefrigeration.ca\/equipements\/nom\/#breadcrumb\",\"itemListElement\":[{\"@type\":\"ListItem\",\"position\":1,\"name\":\"Equipment\",\"item\":\"https:\/\/newairrefrigeration.ca\/en\/equipment\/\"},{\"@type\":\"ListItem\",\"position\":2,\"name\":\"Open Merchandiser\"}]},{\"@type\":\"WebSite\",\"@id\":\"https:\/\/newairrefrigeration.ca\/#website\",\"url\":\"https:\/\/newairrefrigeration.ca\/\",\"name\":\"New Air Refrigeration\",\"description\":\"R\u00e9frig\u00e9rateurs commerciaux\",\"publisher\":{\"@id\":\"https:\/\/newairrefrigeration.ca\/#organization\"},\"potentialAction\":[{\"@type\":\"SearchAction\",\"target\":{\"@type\":\"EntryPoint\",\"urlTemplate\":\"https:\/\/newairrefrigeration.ca\/?s={search_term_string}\"},\"query-input\":\"required name=search_term_string\"}],\"inLanguage\":\"en-US\"},{\"@type\":\"Organization\",\"@id\":\"https:\/\/newairrefrigeration.ca\/#organization\",\"name\":\"New Air Refrigeration\",\"url\":\"https:\/\/newairrefrigeration.ca\/\",\"logo\":{\"@type\":\"ImageObject\",\"inLanguage\":\"en-US\",\"@id\":\"https:\/\/newairrefrigeration.ca\/#\/schema\/logo\/image\/\",\"url\":\"https:\/\/newairrefrigeration.ca\/wp-content\/uploads\/2023\/05\/New-Air-Refrigeration-commercial-refrigerator-logo.svg\",\"contentUrl\":\"https:\/\/newairrefrigeration.ca\/wp-content\/uploads\/2023\/05\/New-Air-Refrigeration-commercial-refrigerator-logo.svg\",\"width\":2813,\"height\":572,\"caption\":\"New Air Refrigeration\"},\"image\":{\"@id\":\"https:\/\/newairrefrigeration.ca\/#\/schema\/logo\/image\/\"},\"sameAs\":[\"https:\/\/www.facebook.com\/newairref\",\"https:\/\/www.instagram.com\/newairref\/\"]}]}<\/script>\n<!-- \/ Yoast SEO Premium plugin. -->","yoast_head_json":{"title":"Open Merchandiser | New Air Refrigeration","robots":{"index":"index","follow":"follow","max-snippet":"max-snippet:-1","max-image-preview":"max-image-preview:large","max-video-preview":"max-video-preview:-1"},"canonical":"https:\/\/newairrefrigeration.ca\/equipements\/nom\/","og_locale":"en_US","og_type":"article","og_title":"Open Merchandiser | New Air Refrigeration","og_description":"Open Merchandisers Upgrade your product presentation with sleek, space-efficient units designed to boost sales in restaurants, caf\u00e9s, convenience stores, and supermarkets by showcasing beverages and prepared meals in beautiful, Grab-n-Go fashion Open Merchandisers &lt; return to main selection menu Jump to section&#8230; Heated Refrigerated Not what you&#8217;re looking for? check Glass Door Merchandisers check Display [&hellip;]","og_url":"https:\/\/newairrefrigeration.ca\/equipements\/nom\/","og_site_name":"New Air Refrigeration","article_publisher":"https:\/\/www.facebook.com\/newairref","article_modified_time":"2025-10-06T15:46:24+00:00","og_image":[{"width":1200,"height":675,"url":"https:\/\/newairrefrigeration.ca\/wp-content\/uploads\/2024\/02\/New-Air-Canada-Commercial-refrigerator-website-meta-image-equipements.png","type":"image\/png"}],"twitter_card":"summary_large_image","twitter_misc":{"Est. reading time":"5 minutes"},"schema":{"@context":"https:\/\/schema.org","@graph":[{"@type":"WebPage","@id":"https:\/\/newairrefrigeration.ca\/equipements\/nom\/","url":"https:\/\/newairrefrigeration.ca\/equipements\/nom\/","name":"Open Merchandiser | New Air Refrigeration","isPartOf":{"@id":"https:\/\/newairrefrigeration.ca\/#website"},"primaryImageOfPage":{"@id":"https:\/\/newairrefrigeration.ca\/equipements\/nom\/#primaryimage"},"image":{"@id":"https:\/\/newairrefrigeration.ca\/equipements\/nom\/#primaryimage"},"thumbnailUrl":"https:\/\/newairrefrigeration.ca\/wp-content\/uploads\/2024\/02\/New-Air-Canada-Commercial-refrigerator-website-meta-image-equipements.png","datePublished":"2025-09-23T19:29:49+00:00","dateModified":"2025-10-06T15:46:24+00:00","breadcrumb":{"@id":"https:\/\/newairrefrigeration.ca\/equipements\/nom\/#breadcrumb"},"inLanguage":"en-US","potentialAction":[{"@type":"ReadAction","target":["https:\/\/newairrefrigeration.ca\/equipements\/nom\/"]}]},{"@type":"ImageObject","inLanguage":"en-US","@id":"https:\/\/newairrefrigeration.ca\/equipements\/nom\/#primaryimage","url":"https:\/\/newairrefrigeration.ca\/wp-content\/uploads\/2024\/02\/New-Air-Canada-Commercial-refrigerator-website-meta-image-equipements.png","contentUrl":"https:\/\/newairrefrigeration.ca\/wp-content\/uploads\/2024\/02\/New-Air-Canada-Commercial-refrigerator-website-meta-image-equipements.png","width":1200,"height":675,"caption":"Image d\u2019un r\u00e9frig\u00e9rateur commercial r\u00e9frig\u00e9r\u00e9 de New Air R\u00e9frig\u00e9ration."},{"@type":"BreadcrumbList","@id":"https:\/\/newairrefrigeration.ca\/equipements\/nom\/#breadcrumb","itemListElement":[{"@type":"ListItem","position":1,"name":"Equipment","item":"https:\/\/newairrefrigeration.ca\/en\/equipment\/"},{"@type":"ListItem","position":2,"name":"Open Merchandiser"}]},{"@type":"WebSite","@id":"https:\/\/newairrefrigeration.ca\/#website","url":"https:\/\/newairrefrigeration.ca\/","name":"New Air Refrigeration","description":"R\u00e9frig\u00e9rateurs commerciaux","publisher":{"@id":"https:\/\/newairrefrigeration.ca\/#organization"},"potentialAction":[{"@type":"SearchAction","target":{"@type":"EntryPoint","urlTemplate":"https:\/\/newairrefrigeration.ca\/?s={search_term_string}"},"query-input":"required name=search_term_string"}],"inLanguage":"en-US"},{"@type":"Organization","@id":"https:\/\/newairrefrigeration.ca\/#organization","name":"New Air Refrigeration","url":"https:\/\/newairrefrigeration.ca\/","logo":{"@type":"ImageObject","inLanguage":"en-US","@id":"https:\/\/newairrefrigeration.ca\/#\/schema\/logo\/image\/","url":"https:\/\/newairrefrigeration.ca\/wp-content\/uploads\/2023\/05\/New-Air-Refrigeration-commercial-refrigerator-logo.svg","contentUrl":"https:\/\/newairrefrigeration.ca\/wp-content\/uploads\/2023\/05\/New-Air-Refrigeration-commercial-refrigerator-logo.svg","width":2813,"height":572,"caption":"New Air Refrigeration"},"image":{"@id":"https:\/\/newairrefrigeration.ca\/#\/schema\/logo\/image\/"},"sameAs":["https:\/\/www.facebook.com\/newairref","https:\/\/www.instagram.com\/newairref\/"]}]}},"_links":{"self":[{"href":"https:\/\/newairrefrigeration.ca\/en\/wp-json\/wp\/v2\/pages\/9717","targetHints":{"allow":["GET"]}}],"collection":[{"href":"https:\/\/newairrefrigeration.ca\/en\/wp-json\/wp\/v2\/pages"}],"about":[{"href":"https:\/\/newairrefrigeration.ca\/en\/wp-json\/wp\/v2\/types\/page"}],"author":[{"embeddable":true,"href":"https:\/\/newairrefrigeration.ca\/en\/wp-json\/wp\/v2\/users\/3"}],"replies":[{"embeddable":true,"href":"https:\/\/newairrefrigeration.ca\/en\/wp-json\/wp\/v2\/comments?post=9717"}],"version-history":[{"count":50,"href":"https:\/\/newairrefrigeration.ca\/en\/wp-json\/wp\/v2\/pages\/9717\/revisions"}],"predecessor-version":[{"id":10645,"href":"https:\/\/newairrefrigeration.ca\/en\/wp-json\/wp\/v2\/pages\/9717\/revisions\/10645"}],"up":[{"embeddable":true,"href":"https:\/\/newairrefrigeration.ca\/en\/wp-json\/wp\/v2\/pages\/3809"}],"wp:featuredmedia":[{"embeddable":true,"href":"https:\/\/newairrefrigeration.ca\/en\/wp-json\/wp\/v2\/media\/4198"}],"wp:attachment":[{"href":"https:\/\/newairrefrigeration.ca\/en\/wp-json\/wp\/v2\/media?parent=9717"}],"curies":[{"name":"wp","href":"https:\/\/api.w.org\/{rel}","templated":true}]}}