{"id":9983,"date":"2025-09-29T15:39:22","date_gmt":"2025-09-29T19:39:22","guid":{"rendered":"https:\/\/newairrefrigeration.ca\/?page_id=9983"},"modified":"2025-10-06T11:59:27","modified_gmt":"2025-10-06T15:59:27","slug":"display","status":"publish","type":"page","link":"https:\/\/newairrefrigeration.ca\/en\/equipment\/display\/","title":{"rendered":"Display Case"},"content":{"rendered":"\t\t<div data-elementor-type=\"wp-page\" data-elementor-id=\"9983\" class=\"elementor elementor-9983 elementor-9947\" data-elementor-post-type=\"page\">\n\t\t\t\t<div class=\"elementor-element elementor-element-87c2b64 e-flex e-con-boxed e-con e-parent\" data-id=\"87c2b64\" data-element_type=\"container\" data-settings=\"{&quot;background_background&quot;:&quot;video&quot;,&quot;background_video_link&quot;:&quot;https:\\\/\\\/newairrefrigeration.ca\\\/wp-content\\\/uploads\\\/2024\\\/01\\\/New-Air-website-banners-1.mp4&quot;,&quot;background_play_on_mobile&quot;:&quot;yes&quot;}\">\n\t\t\t\t\t<div class=\"e-con-inner\">\n\t\t<div class=\"elementor-background-video-container\">\n\t\t\t\t\t\t\t<video class=\"elementor-background-video-hosted elementor-html5-video\" autoplay muted playsinline loop><\/video>\n\t\t\t\t\t<\/div>\t\t<div class=\"elementor-element elementor-element-3df1f6a animated-fast categories elementor-widget elementor-widget-heading\" data-id=\"3df1f6a\" data-element_type=\"widget\" data-settings=\"{&quot;_animation&quot;:&quot;none&quot;,&quot;_animation_tablet&quot;:&quot;none&quot;}\" data-widget_type=\"heading.default\">\n\t\t\t\t<div class=\"elementor-widget-container\">\n\t\t\t<style>\/*! elementor - v3.23.0 - 05-08-2024 *\/\n.elementor-heading-title{padding:0;margin:0;line-height:1}.elementor-widget-heading .elementor-heading-title[class*=elementor-size-]>a{color:inherit;font-size:inherit;line-height:inherit}.elementor-widget-heading .elementor-heading-title.elementor-size-small{font-size:15px}.elementor-widget-heading .elementor-heading-title.elementor-size-medium{font-size:19px}.elementor-widget-heading .elementor-heading-title.elementor-size-large{font-size:29px}.elementor-widget-heading .elementor-heading-title.elementor-size-xl{font-size:39px}.elementor-widget-heading .elementor-heading-title.elementor-size-xxl{font-size:59px}<\/style><h2 class=\"elementor-heading-title elementor-size-default\">Display case<\/h2>\t\t<\/div>\n\t\t\t\t<\/div>\n\t\t\t\t<div class=\"elementor-element elementor-element-a1f309f elementor-widget elementor-widget-heading\" data-id=\"a1f309f\" data-element_type=\"widget\" data-settings=\"{&quot;_animation_tablet&quot;:&quot;none&quot;}\" data-widget_type=\"heading.default\">\n\t\t\t\t<div class=\"elementor-widget-container\">\n\t\t\t<h2 class=\"elementor-heading-title elementor-size-default\">Designed for restaurants, coffee shops, grocery stores, and bakeries with a spacious capacity offering ample room to showcase a variety of fresh products while maintaining optimal freshness and visibility. Its tempered glass and black-brushed stainless steel exterior add a modern touch to any commercial setting.<\/h2>\t\t<\/div>\n\t\t\t\t<\/div>\n\t\t\t\t\t<\/div>\n\t\t\t\t<\/div>\n\t\t<div class=\"elementor-element elementor-element-5085ff2 noshade e-flex e-con-boxed e-con e-parent\" data-id=\"5085ff2\" data-element_type=\"container\" data-settings=\"{&quot;background_background&quot;:&quot;classic&quot;}\">\n\t\t\t\t\t<div class=\"e-con-inner\">\n\t\t<div class=\"elementor-element elementor-element-1217a04 e-con-full e-flex e-con e-child\" data-id=\"1217a04\" data-element_type=\"container\" data-settings=\"{&quot;background_background&quot;:&quot;classic&quot;}\">\n\t\t<div class=\"elementor-element elementor-element-45020cd e-con-full e-flex e-con e-child\" data-id=\"45020cd\" data-element_type=\"container\" data-settings=\"{&quot;sticky&quot;:&quot;top&quot;,&quot;sticky_on&quot;:[&quot;desktop&quot;],&quot;sticky_offset&quot;:32,&quot;sticky_parent&quot;:&quot;yes&quot;,&quot;sticky_effects_offset&quot;:0}\">\n\t\t\t\t<div class=\"elementor-element elementor-element-c4e31c0 elementor-widget elementor-widget-heading\" data-id=\"c4e31c0\" data-element_type=\"widget\" data-widget_type=\"heading.default\">\n\t\t\t\t<div class=\"elementor-widget-container\">\n\t\t\t<h2 class=\"elementor-heading-title elementor-size-default\">Display Case<\/h2>\t\t<\/div>\n\t\t\t\t<\/div>\n\t\t\t\t<div class=\"elementor-element elementor-element-d775783 elementor-widget elementor-widget-text-editor\" data-id=\"d775783\" data-element_type=\"widget\" data-widget_type=\"text-editor.default\">\n\t\t\t\t<div class=\"elementor-widget-container\">\n\t\t\t<style>\/*! elementor - v3.23.0 - 05-08-2024 *\/\n.elementor-widget-text-editor.elementor-drop-cap-view-stacked .elementor-drop-cap{background-color:#69727d;color:#fff}.elementor-widget-text-editor.elementor-drop-cap-view-framed .elementor-drop-cap{color:#69727d;border:3px solid;background-color:transparent}.elementor-widget-text-editor:not(.elementor-drop-cap-view-default) .elementor-drop-cap{margin-top:8px}.elementor-widget-text-editor:not(.elementor-drop-cap-view-default) .elementor-drop-cap-letter{width:1em;height:1em}.elementor-widget-text-editor .elementor-drop-cap{float:left;text-align:center;line-height:1;font-size:50px}.elementor-widget-text-editor .elementor-drop-cap-letter{display:inline-block}<\/style>\t\t\t\t<a href=\"https:\/\/newairrefrigeration.ca\/equipements\/\">&lt; return to main selection menu<\/a>\t\t\t\t\t\t<\/div>\n\t\t\t\t<\/div>\n\t\t\t\t<div class=\"elementor-element elementor-element-f5842e5 elementor-widget elementor-widget-image\" data-id=\"f5842e5\" data-element_type=\"widget\" data-widget_type=\"image.default\">\n\t\t\t\t<div class=\"elementor-widget-container\">\n\t\t\t<style>\/*! elementor - v3.23.0 - 05-08-2024 *\/\n.elementor-widget-image{text-align:center}.elementor-widget-image a{display:inline-block}.elementor-widget-image a img[src$=\".svg\"]{width:48px}.elementor-widget-image img{vertical-align:middle;display:inline-block}<\/style>\t\t\t\t\t\t\t\t\t\t<img fetchpriority=\"high\" decoding=\"async\" width=\"800\" height=\"800\" src=\"https:\/\/newairrefrigeration.ca\/wp-content\/uploads\/2025\/09\/NDCincontext.png\" class=\"attachment-large size-large wp-image-9949\" alt=\"\" srcset=\"https:\/\/newairrefrigeration.ca\/wp-content\/uploads\/2025\/09\/NDCincontext.png 811w, https:\/\/newairrefrigeration.ca\/wp-content\/uploads\/2025\/09\/NDCincontext-300x300.png 300w, https:\/\/newairrefrigeration.ca\/wp-content\/uploads\/2025\/09\/NDCincontext-150x150.png 150w, https:\/\/newairrefrigeration.ca\/wp-content\/uploads\/2025\/09\/NDCincontext-768x768.png 768w, https:\/\/newairrefrigeration.ca\/wp-content\/uploads\/2025\/09\/NDCincontext-600x600.png 600w, https:\/\/newairrefrigeration.ca\/wp-content\/uploads\/2025\/09\/NDCincontext-100x100.png 100w\" sizes=\"(max-width: 800px) 100vw, 800px\" \/>\t\t\t\t\t\t\t\t\t\t\t\t\t<\/div>\n\t\t\t\t<\/div>\n\t\t\t\t<div class=\"elementor-element elementor-element-1c002bc elementor-widget elementor-widget-text-editor\" data-id=\"1c002bc\" data-element_type=\"widget\" data-widget_type=\"text-editor.default\">\n\t\t\t\t<div class=\"elementor-widget-container\">\n\t\t\t\t\t\t\t<h4>Jump to section&#8230;<\/h4>\n<img decoding=\"async\" class=\"icon\" src=\"https:\/\/newairrefrigeration.ca\/wp-content\/uploads\/2025\/07\/element-cold.png\" \/> <a href=\"#ndc-sg\">Square Glass Display Case\n<\/a>\n<br>\n<img decoding=\"async\" class=\"icon\" src=\"https:\/\/newairrefrigeration.ca\/wp-content\/uploads\/2025\/07\/element-cold.png\" \/> <a href=\"#ndc-cg\">Curved Glass Display Case\n<\/a>\n<br>\n<img decoding=\"async\" class=\"icon\" src=\"https:\/\/newairrefrigeration.ca\/wp-content\/uploads\/2025\/07\/element-cold.png\" \/> <a href=\"#ncc\"> Gravity Coil Display Case <\/a>\n<br>\n<img decoding=\"async\" class=\"icon\" src=\"https:\/\/newairrefrigeration.ca\/wp-content\/uploads\/2025\/07\/element-cold.png\" \/> <a href=\"#nudc\"> Vertical Display Case<\/a>\t\t\t\t\t\t<\/div>\n\t\t\t\t<\/div>\n\t\t\t\t<div class=\"elementor-element elementor-element-bc6181e elementor-widget elementor-widget-text-editor\" data-id=\"bc6181e\" data-element_type=\"widget\" data-settings=\"{&quot;sticky&quot;:&quot;top&quot;,&quot;sticky_parent&quot;:&quot;yes&quot;,&quot;sticky_on&quot;:[&quot;desktop&quot;,&quot;tablet&quot;,&quot;mobile&quot;],&quot;sticky_offset&quot;:0,&quot;sticky_effects_offset&quot;:0}\" data-widget_type=\"text-editor.default\">\n\t\t\t\t<div class=\"elementor-widget-container\">\n\t\t\t\t\t\t\t<h5>Not what you&#8217;re looking for?<\/h5>\n<div><img decoding=\"async\" class=\"icon\" src=\"https:\/\/newairrefrigeration.ca\/wp-content\/uploads\/2025\/09\/arrow.png\" \/><a href=\"https:\/\/newairrefrigeration.ca\/en\/equipment\/countertop\/\"> check Countertop Display Cases<\/a><\/div>\n<div><img decoding=\"async\" class=\"icon\" src=\"https:\/\/newairrefrigeration.ca\/wp-content\/uploads\/2025\/09\/arrow.png\" \/><a href=\"https:\/\/newairrefrigeration.ca\/en\/equipment\/merchandiser\/\"> check Glass Door Merchandisers<\/a><\/div>\n<div><img decoding=\"async\" class=\"icon\" src=\"https:\/\/newairrefrigeration.ca\/wp-content\/uploads\/2025\/09\/arrow.png\" \/><a href=\"https:\/\/newairrefrigeration.ca\/en\/equipment\/nif\/\"> check Ice Cream Freezers<\/a><\/div>\t\t\t\t\t\t<\/div>\n\t\t\t\t<\/div>\n\t\t\t\t<\/div>\n\t\t\t\t<\/div>\n\t\t<div class=\"elementor-element elementor-element-aa4ebdd e-con-full e-flex e-con e-child\" data-id=\"aa4ebdd\" data-element_type=\"container\" data-settings=\"{&quot;background_background&quot;:&quot;classic&quot;}\">\n\t\t\t\t<div class=\"elementor-element elementor-element-f48ce7f elementor-widget elementor-widget-heading\" data-id=\"f48ce7f\" data-element_type=\"widget\" id=\"ndc-sg\" data-widget_type=\"heading.default\">\n\t\t\t\t<div class=\"elementor-widget-container\">\n\t\t\t<h2 class=\"elementor-heading-title elementor-size-default\"><img decoding=\"async\" src=\"https:\/\/newairrefrigeration.ca\/wp-content\/uploads\/2025\/07\/element-cold.png\" class=\"icon\"> Square Glass Display Case<\/h2>\t\t<\/div>\n\t\t\t\t<\/div>\n\t\t\t\t<div class=\"elementor-element elementor-element-4e5170a elementor-widget elementor-widget-heading\" data-id=\"4e5170a\" data-element_type=\"widget\" id=\"ndc-cg\" data-widget_type=\"heading.default\">\n\t\t\t\t<div class=\"elementor-widget-container\">\n\t\t\t<h2 class=\"elementor-heading-title elementor-size-default\"><img decoding=\"async\" src=\"https:\/\/newairrefrigeration.ca\/wp-content\/uploads\/2025\/07\/element-cold.png\" class=\"icon\"> Curved Glass Display Case<\/h2>\t\t<\/div>\n\t\t\t\t<\/div>\n\t\t\t\t<div class=\"elementor-element elementor-element-c256ecc elementor-widget elementor-widget-heading\" data-id=\"c256ecc\" data-element_type=\"widget\" id=\"ncc\" data-widget_type=\"heading.default\">\n\t\t\t\t<div class=\"elementor-widget-container\">\n\t\t\t<h2 class=\"elementor-heading-title elementor-size-default\"><img decoding=\"async\" src=\"https:\/\/newairrefrigeration.ca\/wp-content\/uploads\/2025\/07\/element-cold.png\" class=\"icon\"> Gravity Coil Display Case<\/h2>\t\t<\/div>\n\t\t\t\t<\/div>\n\t\t\t\t<div class=\"elementor-element elementor-element-851ab79 elementor-widget elementor-widget-heading\" data-id=\"851ab79\" data-element_type=\"widget\" id=\"ngf\" data-widget_type=\"heading.default\">\n\t\t\t\t<div class=\"elementor-widget-container\">\n\t\t\t<h2 class=\"elementor-heading-title elementor-size-default\"><img decoding=\"async\" src=\"https:\/\/newairrefrigeration.ca\/wp-content\/uploads\/2025\/07\/element-cold.png\" class=\"icon\"> Vertical Display Case<\/h2>\t\t<\/div>\n\t\t\t\t<\/div>\n\t\t\t\t<\/div>\n\t\t\t\t\t<\/div>\n\t\t\t\t<\/div>\n\t\t<div class=\"elementor-element elementor-element-2b8c715 e-flex e-con-boxed e-con e-parent\" data-id=\"2b8c715\" data-element_type=\"container\" data-settings=\"{&quot;background_background&quot;:&quot;video&quot;,&quot;background_video_link&quot;:&quot;https:\\\/\\\/newairrefrigeration.ca\\\/wp-content\\\/uploads\\\/2024\\\/01\\\/New-Air-website-banners.mp4&quot;}\">\n\t\t\t\t\t<div class=\"e-con-inner\">\n\t\t<div class=\"elementor-background-video-container elementor-hidden-phone\">\n\t\t\t\t\t\t\t<video class=\"elementor-background-video-hosted elementor-html5-video\" autoplay muted playsinline loop><\/video>\n\t\t\t\t\t<\/div>\t\t<div class=\"elementor-element elementor-element-dba7d39 categories elementor-widget__width-initial elementor-widget-tablet__width-inherit elementor-widget elementor-widget-heading\" data-id=\"dba7d39\" data-element_type=\"widget\" data-widget_type=\"heading.default\">\n\t\t\t\t<div class=\"elementor-widget-container\">\n\t\t\t<h2 class=\"elementor-heading-title elementor-size-default\">Elevate your standards with the commercial refrigerators from <b>New Air<\/b>.\n<\/h2>\t\t<\/div>\n\t\t\t\t<\/div>\n\t\t<div class=\"elementor-element elementor-element-d7cdfc4 e-con-full e-flex e-con e-child\" data-id=\"d7cdfc4\" data-element_type=\"container\">\n\t\t\t\t<div class=\"elementor-element elementor-element-18a1b02 elementor-align-center elementor-widget elementor-widget-button\" data-id=\"18a1b02\" data-element_type=\"widget\" data-widget_type=\"button.default\">\n\t\t\t\t<div class=\"elementor-widget-container\">\n\t\t\t\t\t<div class=\"elementor-button-wrapper\">\n\t\t\t<a class=\"elementor-button elementor-button-link elementor-size-md elementor-animation-float\" href=\"https:\/\/newairrefrigeration.ca\/wp-content\/uploads\/2024\/03\/NewAir_catalogue-web_2024_EN.pdf\">\n\t\t\t\t\t\t<span class=\"elementor-button-content-wrapper\">\n\t\t\t\t\t\t\t\t\t<span class=\"elementor-button-text\">Download Catalog<\/span>\n\t\t\t\t\t<\/span>\n\t\t\t\t\t<\/a>\n\t\t<\/div>\n\t\t\t\t<\/div>\n\t\t\t\t<\/div>\n\t\t\t\t<\/div>\n\t\t\t\t\t<\/div>\n\t\t\t\t<\/div>\n\t\t\t\t<\/div>\n\t\t","protected":false},"excerpt":{"rendered":"<p>Display case Designed for restaurants, coffee shops, grocery stores, and bakeries with a spacious capacity offering ample room to showcase a variety of fresh products while maintaining optimal freshness and visibility. Its tempered glass and black-brushed stainless steel exterior add a modern touch to any commercial setting. Display Case &lt; return to main selection menu [&hellip;]<\/p>\n","protected":false},"author":3,"featured_media":4198,"parent":3809,"menu_order":0,"comment_status":"closed","ping_status":"closed","template":"elementor_header_footer","meta":{"_acf_changed":false,"footnotes":""},"class_list":["post-9983","page","type-page","status-publish","has-post-thumbnail","hentry"],"acf":[],"yoast_head":"<!-- This site is optimized with the Yoast SEO Premium plugin v23.3 (Yoast SEO v23.3) - https:\/\/yoast.com\/wordpress\/plugins\/seo\/ -->\n<title>Display Case | New Air Refrigeration<\/title>\n<meta name=\"robots\" content=\"index, follow, max-snippet:-1, max-image-preview:large, max-video-preview:-1\" \/>\n<link rel=\"canonical\" href=\"https:\/\/newairrefrigeration.ca\/equipements\/presentoir-refrigere\/\" \/>\n<meta property=\"og:locale\" content=\"en_US\" \/>\n<meta property=\"og:type\" content=\"article\" \/>\n<meta property=\"og:title\" content=\"Display Case | New Air Refrigeration\" \/>\n<meta property=\"og:description\" content=\"Display case Designed for restaurants, coffee shops, grocery stores, and bakeries with a spacious capacity offering ample room to showcase a variety of fresh products while maintaining optimal freshness and visibility. Its tempered glass and black-brushed stainless steel exterior add a modern touch to any commercial setting. Display Case &lt; return to main selection menu [&hellip;]\" \/>\n<meta property=\"og:url\" content=\"https:\/\/newairrefrigeration.ca\/equipements\/presentoir-refrigere\/\" \/>\n<meta property=\"og:site_name\" content=\"New Air Refrigeration\" \/>\n<meta property=\"article:publisher\" content=\"https:\/\/www.facebook.com\/newairref\" \/>\n<meta property=\"article:modified_time\" content=\"2025-10-06T15:59:27+00:00\" \/>\n<meta property=\"og:image\" content=\"https:\/\/newairrefrigeration.ca\/wp-content\/uploads\/2024\/02\/New-Air-Canada-Commercial-refrigerator-website-meta-image-equipements.png\" \/>\n\t<meta property=\"og:image:width\" content=\"1200\" \/>\n\t<meta property=\"og:image:height\" content=\"675\" \/>\n\t<meta property=\"og:image:type\" content=\"image\/png\" \/>\n<meta name=\"twitter:card\" content=\"summary_large_image\" \/>\n<meta name=\"twitter:label1\" content=\"Est. reading time\" \/>\n\t<meta name=\"twitter:data1\" content=\"7 minutes\" \/>\n<script type=\"application\/ld+json\" class=\"yoast-schema-graph\">{\"@context\":\"https:\/\/schema.org\",\"@graph\":[{\"@type\":\"WebPage\",\"@id\":\"https:\/\/newairrefrigeration.ca\/equipements\/presentoir-refrigere\/\",\"url\":\"https:\/\/newairrefrigeration.ca\/equipements\/presentoir-refrigere\/\",\"name\":\"Display Case | New Air Refrigeration\",\"isPartOf\":{\"@id\":\"https:\/\/newairrefrigeration.ca\/#website\"},\"primaryImageOfPage\":{\"@id\":\"https:\/\/newairrefrigeration.ca\/equipements\/presentoir-refrigere\/#primaryimage\"},\"image\":{\"@id\":\"https:\/\/newairrefrigeration.ca\/equipements\/presentoir-refrigere\/#primaryimage\"},\"thumbnailUrl\":\"https:\/\/newairrefrigeration.ca\/wp-content\/uploads\/2024\/02\/New-Air-Canada-Commercial-refrigerator-website-meta-image-equipements.png\",\"datePublished\":\"2025-09-29T19:39:22+00:00\",\"dateModified\":\"2025-10-06T15:59:27+00:00\",\"breadcrumb\":{\"@id\":\"https:\/\/newairrefrigeration.ca\/equipements\/presentoir-refrigere\/#breadcrumb\"},\"inLanguage\":\"en-US\",\"potentialAction\":[{\"@type\":\"ReadAction\",\"target\":[\"https:\/\/newairrefrigeration.ca\/equipements\/presentoir-refrigere\/\"]}]},{\"@type\":\"ImageObject\",\"inLanguage\":\"en-US\",\"@id\":\"https:\/\/newairrefrigeration.ca\/equipements\/presentoir-refrigere\/#primaryimage\",\"url\":\"https:\/\/newairrefrigeration.ca\/wp-content\/uploads\/2024\/02\/New-Air-Canada-Commercial-refrigerator-website-meta-image-equipements.png\",\"contentUrl\":\"https:\/\/newairrefrigeration.ca\/wp-content\/uploads\/2024\/02\/New-Air-Canada-Commercial-refrigerator-website-meta-image-equipements.png\",\"width\":1200,\"height\":675,\"caption\":\"Image d\u2019un r\u00e9frig\u00e9rateur commercial r\u00e9frig\u00e9r\u00e9 de New Air R\u00e9frig\u00e9ration.\"},{\"@type\":\"BreadcrumbList\",\"@id\":\"https:\/\/newairrefrigeration.ca\/equipements\/presentoir-refrigere\/#breadcrumb\",\"itemListElement\":[{\"@type\":\"ListItem\",\"position\":1,\"name\":\"Equipment\",\"item\":\"https:\/\/newairrefrigeration.ca\/en\/equipment\/\"},{\"@type\":\"ListItem\",\"position\":2,\"name\":\"Display Case\"}]},{\"@type\":\"WebSite\",\"@id\":\"https:\/\/newairrefrigeration.ca\/#website\",\"url\":\"https:\/\/newairrefrigeration.ca\/\",\"name\":\"New Air Refrigeration\",\"description\":\"R\u00e9frig\u00e9rateurs commerciaux\",\"publisher\":{\"@id\":\"https:\/\/newairrefrigeration.ca\/#organization\"},\"potentialAction\":[{\"@type\":\"SearchAction\",\"target\":{\"@type\":\"EntryPoint\",\"urlTemplate\":\"https:\/\/newairrefrigeration.ca\/?s={search_term_string}\"},\"query-input\":\"required name=search_term_string\"}],\"inLanguage\":\"en-US\"},{\"@type\":\"Organization\",\"@id\":\"https:\/\/newairrefrigeration.ca\/#organization\",\"name\":\"New Air Refrigeration\",\"url\":\"https:\/\/newairrefrigeration.ca\/\",\"logo\":{\"@type\":\"ImageObject\",\"inLanguage\":\"en-US\",\"@id\":\"https:\/\/newairrefrigeration.ca\/#\/schema\/logo\/image\/\",\"url\":\"https:\/\/newairrefrigeration.ca\/wp-content\/uploads\/2023\/05\/New-Air-Refrigeration-commercial-refrigerator-logo.svg\",\"contentUrl\":\"https:\/\/newairrefrigeration.ca\/wp-content\/uploads\/2023\/05\/New-Air-Refrigeration-commercial-refrigerator-logo.svg\",\"width\":2813,\"height\":572,\"caption\":\"New Air Refrigeration\"},\"image\":{\"@id\":\"https:\/\/newairrefrigeration.ca\/#\/schema\/logo\/image\/\"},\"sameAs\":[\"https:\/\/www.facebook.com\/newairref\",\"https:\/\/www.instagram.com\/newairref\/\"]}]}<\/script>\n<!-- \/ Yoast SEO Premium plugin. -->","yoast_head_json":{"title":"Display Case | New Air Refrigeration","robots":{"index":"index","follow":"follow","max-snippet":"max-snippet:-1","max-image-preview":"max-image-preview:large","max-video-preview":"max-video-preview:-1"},"canonical":"https:\/\/newairrefrigeration.ca\/equipements\/presentoir-refrigere\/","og_locale":"en_US","og_type":"article","og_title":"Display Case | New Air Refrigeration","og_description":"Display case Designed for restaurants, coffee shops, grocery stores, and bakeries with a spacious capacity offering ample room to showcase a variety of fresh products while maintaining optimal freshness and visibility. Its tempered glass and black-brushed stainless steel exterior add a modern touch to any commercial setting. Display Case &lt; return to main selection menu [&hellip;]","og_url":"https:\/\/newairrefrigeration.ca\/equipements\/presentoir-refrigere\/","og_site_name":"New Air Refrigeration","article_publisher":"https:\/\/www.facebook.com\/newairref","article_modified_time":"2025-10-06T15:59:27+00:00","og_image":[{"width":1200,"height":675,"url":"https:\/\/newairrefrigeration.ca\/wp-content\/uploads\/2024\/02\/New-Air-Canada-Commercial-refrigerator-website-meta-image-equipements.png","type":"image\/png"}],"twitter_card":"summary_large_image","twitter_misc":{"Est. reading time":"7 minutes"},"schema":{"@context":"https:\/\/schema.org","@graph":[{"@type":"WebPage","@id":"https:\/\/newairrefrigeration.ca\/equipements\/presentoir-refrigere\/","url":"https:\/\/newairrefrigeration.ca\/equipements\/presentoir-refrigere\/","name":"Display Case | New Air Refrigeration","isPartOf":{"@id":"https:\/\/newairrefrigeration.ca\/#website"},"primaryImageOfPage":{"@id":"https:\/\/newairrefrigeration.ca\/equipements\/presentoir-refrigere\/#primaryimage"},"image":{"@id":"https:\/\/newairrefrigeration.ca\/equipements\/presentoir-refrigere\/#primaryimage"},"thumbnailUrl":"https:\/\/newairrefrigeration.ca\/wp-content\/uploads\/2024\/02\/New-Air-Canada-Commercial-refrigerator-website-meta-image-equipements.png","datePublished":"2025-09-29T19:39:22+00:00","dateModified":"2025-10-06T15:59:27+00:00","breadcrumb":{"@id":"https:\/\/newairrefrigeration.ca\/equipements\/presentoir-refrigere\/#breadcrumb"},"inLanguage":"en-US","potentialAction":[{"@type":"ReadAction","target":["https:\/\/newairrefrigeration.ca\/equipements\/presentoir-refrigere\/"]}]},{"@type":"ImageObject","inLanguage":"en-US","@id":"https:\/\/newairrefrigeration.ca\/equipements\/presentoir-refrigere\/#primaryimage","url":"https:\/\/newairrefrigeration.ca\/wp-content\/uploads\/2024\/02\/New-Air-Canada-Commercial-refrigerator-website-meta-image-equipements.png","contentUrl":"https:\/\/newairrefrigeration.ca\/wp-content\/uploads\/2024\/02\/New-Air-Canada-Commercial-refrigerator-website-meta-image-equipements.png","width":1200,"height":675,"caption":"Image d\u2019un r\u00e9frig\u00e9rateur commercial r\u00e9frig\u00e9r\u00e9 de New Air R\u00e9frig\u00e9ration."},{"@type":"BreadcrumbList","@id":"https:\/\/newairrefrigeration.ca\/equipements\/presentoir-refrigere\/#breadcrumb","itemListElement":[{"@type":"ListItem","position":1,"name":"Equipment","item":"https:\/\/newairrefrigeration.ca\/en\/equipment\/"},{"@type":"ListItem","position":2,"name":"Display Case"}]},{"@type":"WebSite","@id":"https:\/\/newairrefrigeration.ca\/#website","url":"https:\/\/newairrefrigeration.ca\/","name":"New Air Refrigeration","description":"R\u00e9frig\u00e9rateurs commerciaux","publisher":{"@id":"https:\/\/newairrefrigeration.ca\/#organization"},"potentialAction":[{"@type":"SearchAction","target":{"@type":"EntryPoint","urlTemplate":"https:\/\/newairrefrigeration.ca\/?s={search_term_string}"},"query-input":"required name=search_term_string"}],"inLanguage":"en-US"},{"@type":"Organization","@id":"https:\/\/newairrefrigeration.ca\/#organization","name":"New Air Refrigeration","url":"https:\/\/newairrefrigeration.ca\/","logo":{"@type":"ImageObject","inLanguage":"en-US","@id":"https:\/\/newairrefrigeration.ca\/#\/schema\/logo\/image\/","url":"https:\/\/newairrefrigeration.ca\/wp-content\/uploads\/2023\/05\/New-Air-Refrigeration-commercial-refrigerator-logo.svg","contentUrl":"https:\/\/newairrefrigeration.ca\/wp-content\/uploads\/2023\/05\/New-Air-Refrigeration-commercial-refrigerator-logo.svg","width":2813,"height":572,"caption":"New Air Refrigeration"},"image":{"@id":"https:\/\/newairrefrigeration.ca\/#\/schema\/logo\/image\/"},"sameAs":["https:\/\/www.facebook.com\/newairref","https:\/\/www.instagram.com\/newairref\/"]}]}},"_links":{"self":[{"href":"https:\/\/newairrefrigeration.ca\/en\/wp-json\/wp\/v2\/pages\/9983","targetHints":{"allow":["GET"]}}],"collection":[{"href":"https:\/\/newairrefrigeration.ca\/en\/wp-json\/wp\/v2\/pages"}],"about":[{"href":"https:\/\/newairrefrigeration.ca\/en\/wp-json\/wp\/v2\/types\/page"}],"author":[{"embeddable":true,"href":"https:\/\/newairrefrigeration.ca\/en\/wp-json\/wp\/v2\/users\/3"}],"replies":[{"embeddable":true,"href":"https:\/\/newairrefrigeration.ca\/en\/wp-json\/wp\/v2\/comments?post=9983"}],"version-history":[{"count":49,"href":"https:\/\/newairrefrigeration.ca\/en\/wp-json\/wp\/v2\/pages\/9983\/revisions"}],"predecessor-version":[{"id":10666,"href":"https:\/\/newairrefrigeration.ca\/en\/wp-json\/wp\/v2\/pages\/9983\/revisions\/10666"}],"up":[{"embeddable":true,"href":"https:\/\/newairrefrigeration.ca\/en\/wp-json\/wp\/v2\/pages\/3809"}],"wp:featuredmedia":[{"embeddable":true,"href":"https:\/\/newairrefrigeration.ca\/en\/wp-json\/wp\/v2\/media\/4198"}],"wp:attachment":[{"href":"https:\/\/newairrefrigeration.ca\/en\/wp-json\/wp\/v2\/media?parent=9983"}],"curies":[{"name":"wp","href":"https:\/\/api.w.org\/{rel}","templated":true}]}}